{"id":1284,"date":"2025-08-28T10:45:55","date_gmt":"2025-08-28T10:45:55","guid":{"rendered":"https:\/\/casanovasmartsecurity.com\/politica-de-cookies\/"},"modified":"2025-08-28T10:57:51","modified_gmt":"2025-08-28T10:57:51","slug":"politica-de-cookies","status":"publish","type":"page","link":"https:\/\/casanovasmartsecurity.com\/ca\/politica-de-cookies\/","title":{"rendered":"Pol\u00edtica de Cookies"},"content":{"rendered":"\t\t<div data-elementor-type=\"wp-page\" data-elementor-id=\"1284\" class=\"elementor elementor-1284 elementor-1273\" data-elementor-post-type=\"page\">\n\t\t\t\t<div class=\"elementor-element elementor-element-6000f30f e-flex e-con-boxed e-con e-parent\" data-id=\"6000f30f\" data-element_type=\"container\" data-e-type=\"container\" data-settings=\"{&quot;ekit_has_onepagescroll_dot&quot;:&quot;yes&quot;}\">\n\t\t\t\t\t<div class=\"e-con-inner\">\n\t\t\t\t<div class=\"elementor-element elementor-element-1feee7b0 elementor-widget__width-initial elementor-widget-tablet__width-inherit elementor-widget elementor-widget-elementskit-heading\" data-id=\"1feee7b0\" data-element_type=\"widget\" data-e-type=\"widget\" data-settings=\"{&quot;ekit_we_effect_on&quot;:&quot;none&quot;}\" data-widget_type=\"elementskit-heading.default\">\n\t\t\t\t<div class=\"elementor-widget-container\">\n\t\t\t\t\t<div class=\"ekit-wid-con\" ><div class=\"ekit-heading elementskit-section-title-wraper text_center   ekit_heading_tablet-   ekit_heading_mobile-\"><h2 class=\"ekit-heading--title elementskit-section-title \">Pol\u00edtica de Cookies<\/h2><div class=\"ekit_heading_separetor_wraper ekit_heading_elementskit-border-star\"><div class=\"elementskit-border-star\"><\/div><\/div><\/div><\/div>\t\t\t\t<\/div>\n\t\t\t\t<\/div>\n\t\t\t\t<div class=\"elementor-element elementor-element-3c76396 elementor-widget__width-initial elementor-widget-tablet__width-inherit elementor-widget elementor-widget-elementskit-heading\" data-id=\"3c76396\" data-element_type=\"widget\" data-e-type=\"widget\" data-settings=\"{&quot;ekit_we_effect_on&quot;:&quot;none&quot;}\" data-widget_type=\"elementskit-heading.default\">\n\t\t\t\t<div class=\"elementor-widget-container\">\n\t\t\t\t\t<div class=\"ekit-wid-con\" ><div class=\"ekit-heading elementskit-section-title-wraper text_left   ekit_heading_tablet-   ekit_heading_mobile-\">\t\t\t\t<div class='ekit-heading__description'>\n\t\t\t\t\t<h1>Pol\u00edtica de Cookies<\/h1>\n<p>En compliment del que disposa la Llei 34\/2002, de 11 de juliol, de serveis de la societat de la informaci\u00f3 i de comer\u00e7 electr\u00f2nic (LSSI-CE), <strong>Antenes i Porters Casanova S.L.<\/strong>, d\u2019ara endavant identificada amb el nom comercial <strong>Casanova Smart Security<\/strong>, informa als usuaris sobre la utilitzaci\u00f3 de cookies al lloc web <strong><a class=\"decorated-link cursor-pointer\" href=\"https:\/\/casanovasmartsecurity.com\/ca\/\" target=\"_new\" rel=\"noopener\">www.casanovasmartsecurity.com<\/a><\/strong>.<\/p>\n<h2>Qu\u00e8 s\u00f3n les cookies?<\/h2>\n<p>Les cookies s\u00f3n petits arxius de text que es guarden al dispositiu de l\u2019usuari (ordinador, m\u00f2bil, tauleta) quan visita un lloc web. Serveixen per millorar l\u2019experi\u00e8ncia de navegaci\u00f3, recordar prefer\u00e8ncies i oferir informaci\u00f3 personalitzada.<\/p>\n<h2>Tipus de cookies utilitzades<\/h2>\n<p>Aquest lloc web utilitza els seg\u00fcents tipus de cookies:<\/p>\n<ol>\n<li>\n<p><strong>Cookies t\u00e8cniques y necess\u00e0ries<\/strong><br \/>Imprescindibles per al funcionament correcte del web, permeten la navegaci\u00f3 i la utilitzaci\u00f3 de les diferents funcionalitats.<\/p>\n<\/li>\n<li>\n<p><strong>Cookies de personalizaci\u00f3<\/strong><br \/>Permeten recordar informaci\u00f3 per millorar l\u2019experi\u00e8ncia de l\u2019usuari (com l\u2019idioma seleccionat o la regi\u00f3).<\/p>\n<\/li>\n<li>\n<p><strong>Cookies d' an\u00e0lisi<\/strong><br \/>Utilitzem <strong>Google Analytics<\/strong> per analitzar el comportament dels usuaris i elaborar estad\u00edstiques d\u2019\u00fas del lloc web.<\/p>\n<ul>\n<li>\n<p>Prove\u00efdor: Google Ireland Ltd.<\/p>\n<\/li>\n<li>\n<p>Informaci\u00f3 recollida: adre\u00e7a IP (anonimitzada), interaccions amb el web, temps de visita, p\u00e0gines vistes.<\/p>\n<\/li>\n<li>\n<p>Finalitat: millorar el nostre servei i l\u2019experi\u00e8ncia de navegaci\u00f3.<\/p>\n<\/li>\n<\/ul>\n<\/li>\n<li>\n<p><strong>Cookies de tercers<\/strong><br \/>Algunes cookies poden ser instal\u00b7lades per serveis externs com <strong>Google Tag Manager<\/strong> o integracions de formularis (<strong>Gravity Forms<\/strong>) per garantir un funcionament \u00f2ptim del lloc.<\/p>\n<\/li>\n<\/ol>\n<h2>Gesti\u00f3 i eliminaci\u00f3 de cookies<\/h2>\n<p>L\u2019usuari pot configurar el seu navegador per acceptar, bloquejar o eliminar les cookies.<\/p>\n<ul>\n<li>\n<p><strong>Chrome<\/strong>: <a class=\"decorated-link cursor-pointer\" href=\"https:\/\/support.google.com\/chrome\/answer\/95647?hl=es&amp;utm_source=chatgpt.com\" target=\"_new\" rel=\"noopener\">Ajuda Chrome<\/a><\/p>\n<\/li>\n<li>\n<p><strong>Firefox<\/strong>: <a class=\"decorated-link cursor-pointer\" href=\"https:\/\/support.mozilla.org\/es\/kb\/habilitar-y-deshabilitar-cookies-sitios-web?utm_source=chatgpt.com\" target=\"_new\" rel=\"noopener\">Ajuda Firefox<\/a><\/p>\n<\/li>\n<li>\n<p><strong>Safari<\/strong>: <a class=\"decorated-link cursor-pointer\" href=\"https:\/\/support.apple.com\/ca-es\/guide\/safari\/sfri11471\/mac?utm_source=chatgpt.com\" target=\"_new\" rel=\"noopener\">Ajuda Safari<\/a><\/p>\n<\/li>\n<li>\n<p><strong>Edge<\/strong>: <a class=\"decorated-link cursor-pointer\" href=\"https:\/\/support.microsoft.com\/es-es\/microsoft-edge\/eliminar-cookies-en-microsoft-edge-63947406-40ac-c3b8-57b9-2a946a29ae09?utm_source=chatgpt.com\" target=\"_new\" rel=\"noopener\">Ajuda Edge<\/a><\/p>\n<\/li>\n<\/ul>\n<p>Si desactiva les cookies, \u00e9s possible que algunes funcionalitats del web no estiguin disponibles o no funcionin correctament.<\/p>\n<h2>Acceptaci\u00f3 de la pol\u00edtica de cookies<\/h2>\n<p>En continuar navegant pel nostre lloc web, l\u2019usuari accepta expressament la utilitzaci\u00f3 de cookies en les condicions establertes a la present Pol\u00edtica.<\/p>\n<h2>Responsable del tractament<\/h2>\n<p><strong>Antenes i Porters Casanova S.L.<\/strong><br \/>Nom comercial: <strong>Casanova Smart Security<\/strong><br \/>CIF: B06902308<br \/>Adre\u00e7a: Calle Comte Borrell, 142 - Escalera A, Planta 6, Pta. 1, 08015 Barcelona<br \/>Email: <a class=\"decorated-link cursor-pointer\" rel=\"noopener\">info@casanovasmartsecurity.com<\/a><br \/>Tel\u00e8fon: +34 689 39 13 79<\/p>\n\t\t\t\t<\/div>\n\t\t\t<\/div><\/div>\t\t\t\t<\/div>\n\t\t\t\t<\/div>\n\t\t\t\t\t<\/div>\n\t\t\t\t<\/div>\n\t\t<div class=\"elementor-element elementor-element-ce01c19 e-flex e-con-boxed e-con e-parent\" data-id=\"ce01c19\" data-element_type=\"container\" data-e-type=\"container\" data-settings=\"{&quot;ekit_has_onepagescroll_dot&quot;:&quot;yes&quot;}\">\n\t\t\t\t\t<div class=\"e-con-inner\">\n\t\t\t\t<div class=\"elementor-element elementor-element-ae1af5a elementor-align-center elementor-widget elementor-widget-elementskit-button\" data-id=\"ae1af5a\" data-element_type=\"widget\" data-e-type=\"widget\" data-settings=\"{&quot;ekit_we_effect_on&quot;:&quot;none&quot;}\" data-widget_type=\"elementskit-button.default\">\n\t\t\t\t<div class=\"elementor-widget-container\">\n\t\t\t\t\t<div class=\"ekit-wid-con\" >\t\t<div class=\"ekit-btn-wraper\">\n\t\t\t\t\t\t\t<a href=\"https:\/\/casanovasmartsecurity.com\/CA\/\" class=\"elementskit-btn  whitespace--normal\" id=\"\">\n\t\t\t\t\tTorna a la p\u00e0gina principal\t\t\t\t<\/a>\n\t\t\t\t\t<\/div>\n        <\/div>\t\t\t\t<\/div>\n\t\t\t\t<\/div>\n\t\t\t\t\t<\/div>\n\t\t\t\t<\/div>\n\t\t\t\t<\/div>\n\t\t","protected":false},"excerpt":{"rendered":"<p>Pol\u00edtica de Cookies Pol\u00edtica de Cookies En compliment del que disposa la Llei 34\/2002, de 11 de juliol, de serveis de la societat de la informaci\u00f3 i de comer\u00e7 electr\u00f2nic (LSSI-CE), Antenes i Porters Casanova S.L., d\u2019ara endavant identificada amb el nom comercial Casanova Smart Security, informa als usuaris sobre la utilitzaci\u00f3 de cookies al [&hellip;]<\/p>\n","protected":false},"author":1,"featured_media":0,"parent":0,"menu_order":0,"comment_status":"closed","ping_status":"closed","template":"elementor_header_footer","meta":{"postBodyCss":"","postBodyMargin":[],"postBodyPadding":[],"postBodyBackground":{"backgroundType":"classic","gradient":""},"footnotes":""},"folder":[34],"class_list":["post-1284","page","type-page","status-publish","hentry"],"_links":{"self":[{"href":"https:\/\/casanovasmartsecurity.com\/ca\/wp-json\/wp\/v2\/pages\/1284","targetHints":{"allow":["GET"]}}],"collection":[{"href":"https:\/\/casanovasmartsecurity.com\/ca\/wp-json\/wp\/v2\/pages"}],"about":[{"href":"https:\/\/casanovasmartsecurity.com\/ca\/wp-json\/wp\/v2\/types\/page"}],"author":[{"embeddable":true,"href":"https:\/\/casanovasmartsecurity.com\/ca\/wp-json\/wp\/v2\/users\/1"}],"replies":[{"embeddable":true,"href":"https:\/\/casanovasmartsecurity.com\/ca\/wp-json\/wp\/v2\/comments?post=1284"}],"version-history":[{"count":4,"href":"https:\/\/casanovasmartsecurity.com\/ca\/wp-json\/wp\/v2\/pages\/1284\/revisions"}],"predecessor-version":[{"id":1288,"href":"https:\/\/casanovasmartsecurity.com\/ca\/wp-json\/wp\/v2\/pages\/1284\/revisions\/1288"}],"wp:attachment":[{"href":"https:\/\/casanovasmartsecurity.com\/ca\/wp-json\/wp\/v2\/media?parent=1284"}],"wp:term":[{"taxonomy":"folder","embeddable":true,"href":"https:\/\/casanovasmartsecurity.com\/ca\/wp-json\/wp\/v2\/folder?post=1284"}],"curies":[{"name":"wp","href":"https:\/\/api.w.org\/{rel}","templated":true}]}}