{"id":1167,"date":"2025-08-25T09:12:57","date_gmt":"2025-08-25T09:12:57","guid":{"rendered":"https:\/\/casanovasmartsecurity.com\/?page_id=1167"},"modified":"2025-08-28T10:59:30","modified_gmt":"2025-08-28T10:59:30","slug":"politica-de-cookies-2","status":"publish","type":"page","link":"https:\/\/casanovasmartsecurity.com\/ca\/politica-de-cookies-2\/","title":{"rendered":"Pol\u00edtica de Privacitat"},"content":{"rendered":"\t\t<div data-elementor-type=\"wp-page\" data-elementor-id=\"1167\" class=\"elementor elementor-1167\" data-elementor-post-type=\"page\">\n\t\t\t\t<div class=\"elementor-element elementor-element-6000f30f e-flex e-con-boxed e-con e-parent\" data-id=\"6000f30f\" data-element_type=\"container\" data-e-type=\"container\" data-settings=\"{&quot;ekit_has_onepagescroll_dot&quot;:&quot;yes&quot;}\">\n\t\t\t\t\t<div class=\"e-con-inner\">\n\t\t\t\t<div class=\"elementor-element elementor-element-1feee7b0 elementor-widget__width-initial elementor-widget-tablet__width-inherit elementor-widget elementor-widget-elementskit-heading\" data-id=\"1feee7b0\" data-element_type=\"widget\" data-e-type=\"widget\" data-settings=\"{&quot;ekit_we_effect_on&quot;:&quot;none&quot;}\" data-widget_type=\"elementskit-heading.default\">\n\t\t\t\t<div class=\"elementor-widget-container\">\n\t\t\t\t\t<div class=\"ekit-wid-con\" ><div class=\"ekit-heading elementskit-section-title-wraper text_center   ekit_heading_tablet-   ekit_heading_mobile-\"><h2 class=\"ekit-heading--title elementskit-section-title \">Pol\u00edtica de Privacitat<\/h2><div class=\"ekit_heading_separetor_wraper ekit_heading_elementskit-border-star\"><div class=\"elementskit-border-star\"><\/div><\/div><\/div><\/div>\t\t\t\t<\/div>\n\t\t\t\t<\/div>\n\t\t\t\t<div class=\"elementor-element elementor-element-3c76396 elementor-widget__width-initial elementor-widget-tablet__width-inherit elementor-widget elementor-widget-elementskit-heading\" data-id=\"3c76396\" data-element_type=\"widget\" data-e-type=\"widget\" data-settings=\"{&quot;ekit_we_effect_on&quot;:&quot;none&quot;}\" data-widget_type=\"elementskit-heading.default\">\n\t\t\t\t<div class=\"elementor-widget-container\">\n\t\t\t\t\t<div class=\"ekit-wid-con\" ><div class=\"ekit-heading elementskit-section-title-wraper text_left   ekit_heading_tablet-   ekit_heading_mobile-\">\t\t\t\t<div class='ekit-heading__description'>\n\t\t\t\t\t<h3>Responsable del tractament<\/h3>\n<p><strong>Antenes i Porters Casanova, S.L.<\/strong> (en endavant, \u201c<strong>Casanova Smart Security<\/strong>\u201d)<br \/>CIF: <strong>B06902308<\/strong><br \/>Adre\u00e7a: <strong>Calle Comte Borrell, 142 - Escalera A, Planta 6 Pta. 1, Barcelona, 08015<\/strong><br \/>Email de contacte: <strong><a class=\"decorated-link cursor-pointer\" rel=\"noopener\">info@casanovasmartsecurity.com<\/a><\/strong><br \/>Tel\u00e8fon: <strong>+34 689 39 13 79<\/strong><\/p>\n<p><em>Als efectes de la present Pol\u00edtica de Privacitat, quan ens referim a \u201cCasanova Smart Security\u201d estarem fent refer\u00e8ncia a l\u2019activitat comercial desenvolupada per Antenes i Porters Casanova, S.L.<\/em><\/p>\n<h3>Finalitat del tractament<\/h3>\n<p>Les dades personals que ens facilites a trav\u00e9s dels formularis de contacte (Gravity Forms) o mitjan\u00e7ant correu electr\u00f2nic i tel\u00e8fon es tracten amb les finalitats seg\u00fcents:<\/p>\n<ul>\n<li>\n<p>Respondre a les teves consultes i sol\u00b7licituds.<\/p>\n<\/li>\n<li>\n<p>Gestionar pressupostos, serveis i comunicacions comercials derivades de la relaci\u00f3 contractual.<\/p>\n<\/li>\n<li>\n<p>Millorar l\u2019experi\u00e8ncia d\u2019\u00fas de la web mitjan\u00e7ant eines d\u2019anal\u00edtica (<strong>Google Analytics<\/strong>) i mesurament de campanyes (<strong>Google Tag Manager<\/strong>).<\/p>\n<\/li>\n<\/ul>\n<h3>Tipus de dades recollides<\/h3>\n<ul>\n<li>\n<p><strong>Identificatives:<\/strong> nom i cognoms.<\/p>\n<\/li>\n<li>\n<p><strong>De contacte:<\/strong> email, adre\u00e7a, tel\u00e8fon.<\/p>\n<\/li>\n<li>\n<p><strong>De navegaci\u00f3:<\/strong> cookies, adreces IP, informaci\u00f3 de dispositiu (recollides per Google Analytics i Google Tag Manager).<\/p>\n<\/li>\n<\/ul>\n<h3>Legitimaci\u00f3<\/h3>\n<p>El tractament de dades es fonamenta en:<\/p>\n<ul>\n<li>\n<p>El teu <strong>consentiment expr\u00e9s<\/strong> en enviar un formulari.<\/p>\n<\/li>\n<li>\n<p>L\u2019<strong>execuci\u00f3 d\u2019un contracte o precontracte<\/strong> quan sol\u00b7licites serveis o pressupostos.<\/p>\n<\/li>\n<li>\n<p>L\u2019<strong>inter\u00e8s leg\u00edtim<\/strong> de Casanova Smart Security per millorar els serveis oferts i garantir la seguretat de la web.<\/p>\n<\/li>\n<\/ul>\n<h3>Conservaci\u00f3 de les dades<\/h3>\n<p>Les dades es conservaran mentre siguin necess\u00e0ries per a les finalitats descrites, o b\u00e9 fins que en sol\u00b7licitis la supressi\u00f3. Les dades comptables i de facturaci\u00f3 es mantindran durant els terminis legals establerts.<\/p>\n<h3>Destinataris de les dades<\/h3>\n<ul>\n<li>\n<p>No es cediran dades a tercers excepte per obligaci\u00f3 legal o en aquells casos necessaris per a la prestaci\u00f3 del servei.<\/p>\n<\/li>\n<li>\n<p>Les eines de tercers que utilitzem (Gravity Forms, Google Analytics, Google Tag Manager) poden implicar <strong>transfer\u00e8ncies internacionals de dades<\/strong>, d\u2019acord amb les pol\u00edtiques de privacitat de <strong>Google LLC<\/strong>.<\/p>\n<\/li>\n<\/ul>\n<h3>Drets dels usuaris<\/h3>\n<p>Pots exercir els teus drets d\u2019<strong>acc\u00e9s, rectificaci\u00f3, supressi\u00f3, oposici\u00f3, limitaci\u00f3 del tractament i portabilitat<\/strong> mitjan\u00e7ant escrit a l\u2019adre\u00e7a de l\u2019empresa o enviant un correu a <strong><a class=\"decorated-link cursor-pointer\" rel=\"noopener\">info@casanovasmartsecurity.com<\/a><\/strong>, adjuntant una c\u00f2pia del DNI o document identificatiu.<\/p>\n<p>Si consideres que el tractament de dades vulnera la normativa vigent, tens dret a presentar una reclamaci\u00f3 davant l\u2019<strong>Ag\u00e8ncia Espanyola de Protecci\u00f3 de Dades (<a class=\"decorated-link cursor-pointer\" href=\"https:\/\/www.aepd.es\/\" target=\"_new\" rel=\"noopener\">www.aepd.es<\/a>)<\/strong>.<\/p>\n<h3>Mesures de seguretat<\/h3>\n<p>Casanova Smart Security ha adoptat les mesures t\u00e8cniques i organitzatives necess\u00e0ries per garantir la seguretat i confidencialitat de les teves dades personals, evitant-ne l\u2019alteraci\u00f3, p\u00e8rdua, tractament o acc\u00e9s no autoritzat.<\/p>\n<h3>Pol\u00edtica de cookies<\/h3>\n<p>Aquesta web utilitza <strong>cookies pr\u00f2pies i de tercers<\/strong> (Google Analytics i Google Tag Manager) amb finalitats anal\u00edtiques i de millora de l\u2019experi\u00e8ncia d\u2019usuari. Pots obtenir informaci\u00f3 detallada a la nostra <a href=\"https:\/\/casanovasmartsecurity.com\/ca\/politica-de-cookies\/\"><strong>Pol\u00edtica de Cookies<\/strong><\/a>.<\/p>\n\t\t\t\t<\/div>\n\t\t\t<\/div><\/div>\t\t\t\t<\/div>\n\t\t\t\t<\/div>\n\t\t\t\t\t<\/div>\n\t\t\t\t<\/div>\n\t\t<div class=\"elementor-element elementor-element-ce01c19 e-flex e-con-boxed e-con e-parent\" data-id=\"ce01c19\" data-element_type=\"container\" data-e-type=\"container\" data-settings=\"{&quot;ekit_has_onepagescroll_dot&quot;:&quot;yes&quot;}\">\n\t\t\t\t\t<div class=\"e-con-inner\">\n\t\t\t\t<div class=\"elementor-element elementor-element-ae1af5a elementor-align-center elementor-widget elementor-widget-elementskit-button\" data-id=\"ae1af5a\" data-element_type=\"widget\" data-e-type=\"widget\" data-settings=\"{&quot;ekit_we_effect_on&quot;:&quot;none&quot;}\" data-widget_type=\"elementskit-button.default\">\n\t\t\t\t<div class=\"elementor-widget-container\">\n\t\t\t\t\t<div class=\"ekit-wid-con\" >\t\t<div class=\"ekit-btn-wraper\">\n\t\t\t\t\t\t\t<a href=\"https:\/\/casanovasmartsecurity.com\/ca\/\" class=\"elementskit-btn  whitespace--normal\" id=\"\">\n\t\t\t\t\tTorna a la p\u00e1gina principal\t\t\t\t<\/a>\n\t\t\t\t\t<\/div>\n        <\/div>\t\t\t\t<\/div>\n\t\t\t\t<\/div>\n\t\t\t\t\t<\/div>\n\t\t\t\t<\/div>\n\t\t\t\t<\/div>\n\t\t","protected":false},"excerpt":{"rendered":"<p>Pol\u00edtica de Privacitat Responsable del tractament Antenes i Porters Casanova, S.L. (en endavant, \u201cCasanova Smart Security\u201d)CIF: B06902308Adre\u00e7a: Calle Comte Borrell, 142 &#8211; Escalera A, Planta 6 Pta. 1, Barcelona, 08015Email de contacte: info@casanovasmartsecurity.comTel\u00e8fon: +34 689 39 13 79 Als efectes de la present Pol\u00edtica de Privacitat, quan ens referim a \u201cCasanova Smart Security\u201d estarem fent [&hellip;]<\/p>\n","protected":false},"author":1,"featured_media":0,"parent":0,"menu_order":0,"comment_status":"closed","ping_status":"closed","template":"elementor_header_footer","meta":{"postBodyCss":"","postBodyMargin":[],"postBodyPadding":[],"postBodyBackground":{"backgroundType":"classic","gradient":""},"footnotes":""},"folder":[34],"class_list":["post-1167","page","type-page","status-publish","hentry"],"_links":{"self":[{"href":"https:\/\/casanovasmartsecurity.com\/ca\/wp-json\/wp\/v2\/pages\/1167","targetHints":{"allow":["GET"]}}],"collection":[{"href":"https:\/\/casanovasmartsecurity.com\/ca\/wp-json\/wp\/v2\/pages"}],"about":[{"href":"https:\/\/casanovasmartsecurity.com\/ca\/wp-json\/wp\/v2\/types\/page"}],"author":[{"embeddable":true,"href":"https:\/\/casanovasmartsecurity.com\/ca\/wp-json\/wp\/v2\/users\/1"}],"replies":[{"embeddable":true,"href":"https:\/\/casanovasmartsecurity.com\/ca\/wp-json\/wp\/v2\/comments?post=1167"}],"version-history":[{"count":13,"href":"https:\/\/casanovasmartsecurity.com\/ca\/wp-json\/wp\/v2\/pages\/1167\/revisions"}],"predecessor-version":[{"id":1291,"href":"https:\/\/casanovasmartsecurity.com\/ca\/wp-json\/wp\/v2\/pages\/1167\/revisions\/1291"}],"wp:attachment":[{"href":"https:\/\/casanovasmartsecurity.com\/ca\/wp-json\/wp\/v2\/media?parent=1167"}],"wp:term":[{"taxonomy":"folder","embeddable":true,"href":"https:\/\/casanovasmartsecurity.com\/ca\/wp-json\/wp\/v2\/folder?post=1167"}],"curies":[{"name":"wp","href":"https:\/\/api.w.org\/{rel}","templated":true}]}}